{"id":284,"date":"2024-03-21T17:37:53","date_gmt":"2024-03-21T20:37:53","guid":{"rendered":"https:\/\/subastascerveceras.com.ar\/?page_id=284"},"modified":"2024-03-23T13:24:48","modified_gmt":"2024-03-23T16:24:48","slug":"bienvenidos","status":"publish","type":"page","link":"https:\/\/subastascerveceras.com.ar\/?page_id=284","title":{"rendered":"Bienvenidos&#8230;!!!"},"content":{"rendered":"<div class=\"wp-block-image\">\n<figure class=\"alignleft size-full\"><img loading=\"lazy\" decoding=\"async\" width=\"403\" height=\"365\" src=\"https:\/\/subastascerveceras.com.ar\/wp-content\/uploads\/2024\/03\/Instructor.jpg\" alt=\"\" class=\"wp-image-285\" srcset=\"https:\/\/subastascerveceras.com.ar\/wp-content\/uploads\/2024\/03\/Instructor.jpg 403w, https:\/\/subastascerveceras.com.ar\/wp-content\/uploads\/2024\/03\/Instructor-300x272.jpg 300w\" sizes=\"auto, (max-width: 403px) 100vw, 403px\" \/><\/figure>\n<\/div>\n\n\n<p class=\"has-black-color has-luminous-vivid-amber-background-color has-text-color has-background has-link-color has-medium-font-size wp-elements-1958366a30234a257cfe3149193c93c1\">Hola&#8230;!!! Soy <strong>Guillermo Lencinas<\/strong>, corredor y martillero p\u00fablico, a cargo de <strong>Subastascerveceras.com.ar<\/strong>.<\/p>\n\n\n\n<p class=\"has-black-color has-luminous-vivid-amber-background-color has-text-color has-background has-link-color has-medium-font-size wp-elements-f315c1cc0d3518e373760d9e7c4aa95f\">Aqu\u00ed puede publicar su oferta del mundo de la cerveza artesanal con <strong>10 fotos<\/strong> y <strong>geolocalizaci\u00f3n de Google<\/strong>, con todas las ventajas de un sitio web (b\u00fasquedas por palabra clave, categor\u00eda, zona, etc.), y dejarlo publicado con <strong>visibilidad permanente<\/strong>, pues hacemos <strong>publicidad 24\/7<\/strong> en redes sociales, de modo que se ir\u00e1n sumando m\u00e1s usuarios e interesados. Superior a las posibilidades que ofrece un grupo de Whatsapp o de Facebook.<\/p>\n\n\n\n<p class=\"has-black-color has-luminous-vivid-amber-background-color has-text-color has-background has-link-color has-medium-font-size wp-elements-87c916b82d0aab59556833ca102f4745\"><strong>PASOS a SEGUIR<\/strong> para publicar: 1) Crear un usuario y una contrase\u00f1a. 2) Crear tu anuncio y enviarlo. 3) Habilitamos la publicaci\u00f3n de su\/s anuncio\/s enviados luego de la revisi\u00f3n.-<\/p>\n\n\n\n<p class=\"has-text-align-left has-black-color has-luminous-vivid-amber-background-color has-text-color has-background has-link-color has-medium-font-size wp-elements-3f730d75ba79efb6669ecc70fbae68c5\">No intervenimos en las transacciones entre usuarios. No hay comisiones. Por lo tanto, le recomendamos tomar los recaudos necesarios al momento de cerrar un negocio o enviar dinero.<\/p>\n\n\n\n<p class=\"has-black-color has-luminous-vivid-amber-background-color has-text-color has-background has-link-color has-medium-font-size wp-elements-dd1612a8187aab4eb612dd96dae2a22f\">Mucha suerte con su anuncio.<\/p>\n\n\n\n<p><\/p>\n","protected":false},"excerpt":{"rendered":"<p>Hola&#8230;!!! Soy Guillermo Lencinas, corredor y martillero p\u00fablico, a cargo de Subastascerveceras.com.ar. Aqu\u00ed puede publicar su oferta del mundo de la cerveza artesanal con 10 fotos y geolocalizaci\u00f3n de Google, con todas las ventajas de un sitio web (b\u00fasquedas por palabra clave, categor\u00eda, zona, etc.), y dejarlo publicado con visibilidad permanente, pues hacemos publicidad 24\/7 [&hellip;]<\/p>\n","protected":false},"author":1,"featured_media":0,"parent":0,"menu_order":0,"comment_status":"closed","ping_status":"closed","template":"","meta":{"footnotes":""},"class_list":["post-284","page","type-page","status-publish","hentry"],"_links":{"self":[{"href":"https:\/\/subastascerveceras.com.ar\/index.php?rest_route=\/wp\/v2\/pages\/284","targetHints":{"allow":["GET"]}}],"collection":[{"href":"https:\/\/subastascerveceras.com.ar\/index.php?rest_route=\/wp\/v2\/pages"}],"about":[{"href":"https:\/\/subastascerveceras.com.ar\/index.php?rest_route=\/wp\/v2\/types\/page"}],"author":[{"embeddable":true,"href":"https:\/\/subastascerveceras.com.ar\/index.php?rest_route=\/wp\/v2\/users\/1"}],"replies":[{"embeddable":true,"href":"https:\/\/subastascerveceras.com.ar\/index.php?rest_route=%2Fwp%2Fv2%2Fcomments&post=284"}],"version-history":[{"count":14,"href":"https:\/\/subastascerveceras.com.ar\/index.php?rest_route=\/wp\/v2\/pages\/284\/revisions"}],"predecessor-version":[{"id":375,"href":"https:\/\/subastascerveceras.com.ar\/index.php?rest_route=\/wp\/v2\/pages\/284\/revisions\/375"}],"wp:attachment":[{"href":"https:\/\/subastascerveceras.com.ar\/index.php?rest_route=%2Fwp%2Fv2%2Fmedia&parent=284"}],"curies":[{"name":"wp","href":"https:\/\/api.w.org\/{rel}","templated":true}]}}