{"id":195,"date":"2024-03-15T21:27:42","date_gmt":"2024-03-16T00:27:42","guid":{"rendered":"https:\/\/subastascerveceras.com.ar\/?page_id=195"},"modified":"2024-03-19T10:54:12","modified_gmt":"2024-03-19T13:54:12","slug":"terminos-de-uso","status":"publish","type":"page","link":"https:\/\/subastascerveceras.com.ar\/?page_id=195","title":{"rendered":"T\u00e9rminos y condiciones"},"content":{"rendered":"<div class=\"wp-block-image\">\n<figure class=\"aligncenter size-full\"><img loading=\"lazy\" decoding=\"async\" width=\"190\" height=\"187\" src=\"https:\/\/subastascerveceras.com.ar\/wp-content\/uploads\/2024\/03\/Fondo-blanco.jpg\" alt=\"\" class=\"wp-image-174\"\/><\/figure>\n<\/div>\n\n\n<p><strong>Subastascerveceras<\/strong>\u00a0es un servicio del martillero\u00a0<strong>Guillermo Rub\u00e9n Lencinas<\/strong>, Col. 352 del Departamento Judicial de Quilmes (en adelante \u201c<em>el martillero Lencinas<\/em>\u201d) para publicar anuncios de la industria cervecera artesanal. Todos los usuarios del sitio web\u00a0<strong>Subastascerveceras.ar<\/strong>\u00a0(en adelante \u201c<em>Subastascerveceras<\/em>\u201d y \u201c<em>el Sitio<\/em>\u201d, de manera indistinta), declaran aceptar y regirse por los siguientes t\u00e9rminos y condiciones, a los fines de conformar una comunidad segura:\u00a0<strong>PRIMERA:<\/strong>\u00a0por el simple hecho de utilizar los servicios de\u00a0<strong>Subastascerveceras<\/strong>, los usuarios (en adelante \u201c<em>usuarios<\/em>\u201d y \u201c<em>anunciantes<\/em>\u201d para referirse a ambos) aceptan expresamente ajustarse a los siguientes t\u00e9rminos y condiciones, de plena conformidad.\u00a0<strong>SEGUNDA:<\/strong>\u00a0estos t\u00e9rminos y condiciones son aplicables a\u00a0<strong>Subastascerveceras<\/strong>, y no son extensibles a otros sitios a los que los usuarios pudieran acceder por hiperv\u00ednculos (\u201c<em>links<\/em>\u201d) contenidos aqu\u00ed y que los lleve a otros portales de la web.\u00a0<strong>Subastascerveceras<\/strong>\u00a0se reserva el derecho de eliminar cualquier hiperv\u00ednculo que se dirija a otro sitio web o la menci\u00f3n de otros sitios webs, sin previo aviso ni notificaci\u00f3n alguna y deslinda toda responsabilidad por el contenido de otros sitios webs a los que llegara el usuario mediante hiperv\u00ednculos.\u00a0<strong>TERCERA<\/strong>: para publicar los usuarios deber\u00e1n registrarse, aceptando estos t\u00e9rminos y condiciones de uso y tambi\u00e9n todo lo detallado en la secci\u00f3n \u201c<strong>C\u00f3mo funciona<\/strong>\u201d. El simple hecho de tener un anuncio en\u00a0<strong>Subastascerveceras.ar<\/strong>\u00a0implica haber aceptado los t\u00e9rminos y condiciones de uso del sitio web.\u00a0<strong>CUARTA:\u00a0<\/strong>la finalidad de los anuncios publicados ser\u00e1 siempre la de ofrecer equipos, herramientas, servicios, cursos, fondos de comercio, etc., relacionados <strong>en forma exclusiva con la industria cervecera artesanal.<\/strong>\u00a0Cualquier otro tipo de aviso que no cumpla lo establecido anteriormente no ser\u00e1 publicado.\u00a0<strong>QUINTA:<\/strong>\u00a0la utilizaci\u00f3n del sitio implica la renuncia expresa por parte de los usuarios a iniciar cualquier acci\u00f3n civil hacia el responsable de\u00a0<strong>Subastascerveceras<\/strong>. El material fotogr\u00e1fico suministrado y publicado por el usuario anunciante podr\u00e1 ser difundido libremente por\u00a0<strong>Subastascerveceras<\/strong>\u00a0en internet.\u00a0<strong>SEXTA:<\/strong>\u00a0los datos recopilados y facilitados por los usuarios podr\u00e1n ser utilizados libremente para que\u00a0<strong>Subastascerveceras<\/strong>\u00a0los contacte y ser\u00e1n p\u00fablicos para acercar a las partes interesadas. Los usuarios autorizan a\u00a0<strong>Subastascerveceras<\/strong>\u00a0a comunicarse con ellos mediante correo electr\u00f3nico, Whatsapp y tel\u00e9fono de manera indistinta.\u00a0\u00a0<strong>Subastascerveceras<\/strong>\u00a0se compromete a utilizar los datos brindados por los usuarios para el uso exclusivo del servicio brindado en el sitio web.\u00a0<strong>S\u00c9PTIMA:<\/strong>\u00a0la utilizaci\u00f3n de\u00a0<strong>Subastascerveceras<\/strong>\u00a0implica el intercambio de correos electr\u00f3nicos y el conocimiento por parte de los usuarios de los riesgos del uso de la web, es decir, la posibilidad del contenido de virus en documentos, de ataques de hackers, da\u00f1os de software y hardware del usuario, etc., no haci\u00e9ndose responsable\u00a0<strong>Subastascerveceras<\/strong>\u00a0de tales circunstancias bajo ning\u00fan concepto.\u00a0<strong>OCTAVA:<\/strong>\u00a0los usuarios aceptan que el sistema no siempre puede estar disponible por motivos t\u00e9cnicos ajenos a\u00a0<strong>Subastascerveceras<\/strong>, quien contrata un hosting que no controla, por lo tanto, los usuarios desligan al sitio de cualquier eventual perjuicio sufrido por los usuarios por tales motivos.\u00a0<strong>NOVENA:<\/strong>\u00a0<strong>Subastascerveceras<\/strong>\u00a0no se responsabiliza por el estado de los bienes muebles publicados por los anunciantes.\u00a0<strong>D\u00c9CIMA:<\/strong>\u00a0los usuarios se comprometen a mantener actualizada la informaci\u00f3n y los precios anunciados en\u00a0<strong>Subastascerveceras<\/strong> en la moneda elegida. Los precios publicados son a los fines de tener una referencia de valor de los bienes muebles publicados y no significa que el sitio los ofrezca, pues no interviene en forma alguna en las transacciones entre usuarios.\u00a0<strong>UND\u00c9CIMA:<\/strong>\u00a0los usuarios declaran que los datos publicados en\u00a0<strong>Subastascerveceras<\/strong>\u00a0son verdaderos, gozando todos los usuarios del principio de la buena fe. En caso de constatarse lo contrario, el usuario ser\u00e1 bloqueado sin derecho a reclamo de ninguna naturaleza.\u00a0<strong>Subastascerveceras<\/strong>\u00a0se reserva el derecho de bloquear a cualquier usuario que perjudique con su conducta a otros usuarios.\u00a0<strong>DECIMOSEGUNDA:<\/strong>\u00a0<strong>Subastascerveceras<\/strong>\u00a0no resulta responsable por ning\u00fan da\u00f1o o perjuicio derivado de la utilizaci\u00f3n del servicio brindado en ning\u00fan caso, desde el momento que el usuario puede optar por simplemente no utilizar el servicio.\u00a0<strong>DECIMOTERCIA:<\/strong>\u00a0el programa, su diagrama, bases de datos, gr\u00e1ficos, archivos, dise\u00f1o, etc., son propiedad del responsable de\u00a0<strong>Subastascerveceras<\/strong>\u00a0ante NIC Argentina, o sea, el martillero\u00a0<strong>Guillermo Rub\u00e9n Lencinas<\/strong>, y la utilizaci\u00f3n indebida de copias de pantalla, datos, gr\u00e1ficos, programa, etc., podr\u00e1n ser objeto de las acciones legales pertinentes.\u00a0<strong>DECIMOCUARTA:<\/strong>\u00a0<strong>Subastascerveceras<\/strong>\u00a0podr\u00e1 editar el material fotogr\u00e1fico subido por los usuarios anunciantes para su mejor despliegue en la web, sin aviso previo. A su vez, podr\u00e1 modificar el programa en cualquier momento a su discreci\u00f3n, a los fines de mejorar el servicio, y, asimismo, tambi\u00e9n estos t\u00e9rminos y condiciones de uso, sin aviso previo, siendo siempre vigentes los \u00faltimos publicados.\u00a0<strong>DECIMOQUINTA:<\/strong>\u00a0los presentes t\u00e9rminos y condiciones constituyen un contrato de adhesi\u00f3n, que puede ser modificado s\u00f3lo unilateralmente por\u00a0<strong>Subastascerveceras<\/strong>, sin aviso previo, a los fines de asegurar la continuidad del servicio en condiciones \u00f3ptimas.\u00a0<strong>DECIMOSEXTA:<\/strong>\u00a0los usuarios, desde el momento que utilizan el servicio, aceptan de plena conformidad los presentes t\u00e9rminos y condiciones, no pudiendo en ning\u00fan caso alegar su desconocimiento ni el principio de imprevisi\u00f3n. A los fines jurisdiccionales, los usuarios declaran someterse a los tribunales civiles ordinarios del Departamento Judicial de Quilmes, como fuero excluyente de todo otro que pudiera corresponderles.-<\/p>\n","protected":false},"excerpt":{"rendered":"<p>Subastascerveceras\u00a0es un servicio del martillero\u00a0Guillermo Rub\u00e9n Lencinas, Col. 352 del Departamento Judicial de Quilmes (en adelante \u201cel martillero Lencinas\u201d) para publicar anuncios de la industria cervecera artesanal. Todos los usuarios del sitio web\u00a0Subastascerveceras.ar\u00a0(en adelante \u201cSubastascerveceras\u201d y \u201cel Sitio\u201d, de manera indistinta), declaran aceptar y regirse por los siguientes t\u00e9rminos y condiciones, a los fines de [&hellip;]<\/p>\n","protected":false},"author":1,"featured_media":0,"parent":0,"menu_order":0,"comment_status":"closed","ping_status":"closed","template":"","meta":{"footnotes":""},"class_list":["post-195","page","type-page","status-publish","hentry"],"_links":{"self":[{"href":"https:\/\/subastascerveceras.com.ar\/index.php?rest_route=\/wp\/v2\/pages\/195","targetHints":{"allow":["GET"]}}],"collection":[{"href":"https:\/\/subastascerveceras.com.ar\/index.php?rest_route=\/wp\/v2\/pages"}],"about":[{"href":"https:\/\/subastascerveceras.com.ar\/index.php?rest_route=\/wp\/v2\/types\/page"}],"author":[{"embeddable":true,"href":"https:\/\/subastascerveceras.com.ar\/index.php?rest_route=\/wp\/v2\/users\/1"}],"replies":[{"embeddable":true,"href":"https:\/\/subastascerveceras.com.ar\/index.php?rest_route=%2Fwp%2Fv2%2Fcomments&post=195"}],"version-history":[{"count":3,"href":"https:\/\/subastascerveceras.com.ar\/index.php?rest_route=\/wp\/v2\/pages\/195\/revisions"}],"predecessor-version":[{"id":239,"href":"https:\/\/subastascerveceras.com.ar\/index.php?rest_route=\/wp\/v2\/pages\/195\/revisions\/239"}],"wp:attachment":[{"href":"https:\/\/subastascerveceras.com.ar\/index.php?rest_route=%2Fwp%2Fv2%2Fmedia&parent=195"}],"curies":[{"name":"wp","href":"https:\/\/api.w.org\/{rel}","templated":true}]}}